{"id":928,"date":"2023-11-20T12:57:25","date_gmt":"2023-11-20T11:57:25","guid":{"rendered":"https:\/\/wares.tech\/walter-g\/"},"modified":"2024-09-24T15:40:08","modified_gmt":"2024-09-24T13:40:08","slug":"walter-g","status":"publish","type":"page","link":"https:\/\/wares.tech\/en\/walter-g\/","title":{"rendered":"Walter G"},"content":{"rendered":"\t\t<div data-elementor-type=\"wp-page\" data-elementor-id=\"928\" class=\"elementor elementor-928 elementor-610\">\n\t\t\t\t<div class=\"wd-negative-gap elementor-element elementor-element-d352212 e-flex e-con-boxed e-con e-parent\" data-id=\"d352212\" data-element_type=\"container\">\n\t\t\t\t\t<div class=\"e-con-inner\">\n\t\t\t\t<div class=\"elementor-element elementor-element-2f59f0f color-scheme-inherit text-left elementor-widget elementor-widget-text-editor\" data-id=\"2f59f0f\" data-element_type=\"widget\" data-widget_type=\"text-editor.default\">\n\t\t\t\t<div class=\"elementor-widget-container\">\n\t\t\t\t\t\t\t\t\t<p>WARES SP. Z O.O.&nbsp; uzyska\u0142 dofinansowanie z Funduszy Europejskich o nazwie \u201eWALTER G &#8211; uniwersalny czytnik wskaza\u0144 gazomierzy NBIOT, LTE, CAT M1, M4 z systemem rozpoznawania wycieku gazu w bezpo\u015brednim otoczeniu gazomierza\u201d w ramach Programu Operacyjnego Inteligentny Rozw\u00f3j 2014-2020<\/p>\n<p>Celem jest zbudowanie prototypu urz\u0105dzenia, kt\u00f3re b\u0119dzie mog\u0142o odczytywa\u0107 wskazanie liczyd\u0142a gazomierza. Dane, kt\u00f3re powstan\u0105 w ten spos\u00f3b zostan\u0105 przekazane do bazy danych za pomoc\u0105 komunikacji LPWAN (ang. low-power wide-area network, pol. sie\u0107 rozleg\u0142a ma\u0142ej mocy). <\/p>\n<p>Pierwszy cel projektu to stworzenie sposobu odczytu, kt\u00f3ry dzi\u0119ki swojej uniwersalno\u015bci pozwoli zastosowa\u0107 urz\u0105dzenie do dowolnego typu gazomierza. Odczyty dzielimy na wzgl\u0119dne i bezwzgl\u0119dne. Do odczytu zastosujemy technologie zwi\u0105zane z odczytem optycznym i odczytem zmian pola magnetycznego. Odczyt optyczny polega na zarejestrowania w konkretnym momencie wskazania indykatora z\u0142o\u017conego z cyfr mechanicznych lub cyfr elektronicznych. Jest to odczyt bezwzgl\u0119dny. Do systemu przekazany zostaje aktualne wskazanie indykatora gazomierza. Drugi spos\u00f3b jest to odczyt wykorzystuj\u0105cy zmiany pola magnetycznego.      <\/p>\n<p>Drugi cel projektu dotyczy sposobu komunikacji. Rozwi\u0105zaniem, kt\u00f3re chcemy opracowa\u0107 jest budowa komunikacji opartej o sie\u0107 rozleg\u0142a ma\u0142ej mocy. Rozwi\u0105zanie, kt\u00f3re proponujemy jest dopasowane do ka\u017cdej z sieci. Szczeg\u00f3ln\u0105 uniwersalno\u015b\u0107 uzyskujemy poprzez zastosowanie e-sim.   &nbsp;<\/p>\n<p>Trzeci cel projektu to wprowadzenie do urz\u0105dzenia sensora pozwalaj\u0105cego na detekcj\u0119 st\u0119\u017cenia gazu w obr\u0119bie gazomierza.&nbsp;<\/p>\n<p>Nasz\u0105 grup\u0105 docelow\u0105 s\u0105 producenci gazomierzy oraz dostawcy gazu w Polsce i na \u015awiecie.<\/p>\n<p>Wk\u0142ad Europejskiego Funduszu Rozwoju Regionalnego w projekt: 1 730 875 z\u0142.<\/p>\t\t\t\t\t\t\t\t<\/div>\n\t\t\t\t<\/div>\n\t\t\t\t\t<\/div>\n\t\t\t\t<\/div>\n\t\t<div class=\"wd-negative-gap elementor-element elementor-element-c65a87c e-flex e-con-boxed e-con e-parent\" data-id=\"c65a87c\" data-element_type=\"container\">\n\t\t\t\t\t<div class=\"e-con-inner\">\n\t\t\t\t<div class=\"elementor-element elementor-element-8647d23 elementor-widget elementor-widget-wd_image_or_svg\" data-id=\"8647d23\" data-element_type=\"widget\" data-widget_type=\"wd_image_or_svg.default\">\n\t\t\t\t<div class=\"elementor-widget-container\">\n\t\t\t\t\t\n\t\t<div class=\"wd-image text-center\">\n\t\t\t\t\t\t\t\t<img fetchpriority=\"high\" decoding=\"async\" width=\"768\" height=\"82\" src=\"https:\/\/wares.tech\/wp-content\/uploads\/2024\/09\/ue.png\" class=\"attachment-full size-full\" alt=\"\" srcset=\"https:\/\/wares.tech\/wp-content\/uploads\/2024\/09\/ue.png 768w, https:\/\/wares.tech\/wp-content\/uploads\/2024\/09\/ue-150x16.png 150w, https:\/\/wares.tech\/wp-content\/uploads\/2024\/09\/ue-600x64.png 600w, https:\/\/wares.tech\/wp-content\/uploads\/2024\/09\/ue-300x32.png 300w\" sizes=\"(max-width: 768px) 100vw, 768px\" \/>\t\t\t\t\t<\/div>\n\n\t\t\t\t\t\t<\/div>\n\t\t\t\t<\/div>\n\t\t\t\t\t<\/div>\n\t\t\t\t<\/div>\n\t\t\t\t<\/div>\n\t\t","protected":false},"excerpt":{"rendered":"<p>WARES SP. Z O.O.&nbsp; uzyska\u0142 dofinansowanie z Funduszy Europejskich o nazwie \u201eWALTER G &#8211; uniwersalny czytnik wskaza\u0144 gazomierzy NBIOT, LTE,<\/p>\n","protected":false},"author":1,"featured_media":0,"parent":0,"menu_order":0,"comment_status":"closed","ping_status":"closed","template":"","meta":{"footnotes":""},"class_list":["post-928","page","type-page","status-publish","hentry"],"_links":{"self":[{"href":"https:\/\/wares.tech\/en\/wp-json\/wp\/v2\/pages\/928","targetHints":{"allow":["GET"]}}],"collection":[{"href":"https:\/\/wares.tech\/en\/wp-json\/wp\/v2\/pages"}],"about":[{"href":"https:\/\/wares.tech\/en\/wp-json\/wp\/v2\/types\/page"}],"author":[{"embeddable":true,"href":"https:\/\/wares.tech\/en\/wp-json\/wp\/v2\/users\/1"}],"replies":[{"embeddable":true,"href":"https:\/\/wares.tech\/en\/wp-json\/wp\/v2\/comments?post=928"}],"version-history":[{"count":3,"href":"https:\/\/wares.tech\/en\/wp-json\/wp\/v2\/pages\/928\/revisions"}],"predecessor-version":[{"id":1789,"href":"https:\/\/wares.tech\/en\/wp-json\/wp\/v2\/pages\/928\/revisions\/1789"}],"wp:attachment":[{"href":"https:\/\/wares.tech\/en\/wp-json\/wp\/v2\/media?parent=928"}],"curies":[{"name":"wp","href":"https:\/\/api.w.org\/{rel}","templated":true}]}}