{"id":950,"date":"2023-11-20T16:52:41","date_gmt":"2023-11-20T15:52:41","guid":{"rendered":"https:\/\/wares.tech\/information-about-the-project\/"},"modified":"2023-11-28T10:56:28","modified_gmt":"2023-11-28T09:56:28","slug":"information-about-the-project","status":"publish","type":"page","link":"https:\/\/wares.tech\/en\/information-about-the-project\/","title":{"rendered":"Information about the Project"},"content":{"rendered":"\t\t<div data-elementor-type=\"wp-page\" data-elementor-id=\"950\" class=\"elementor elementor-950 elementor-776\">\n\t\t\t\t<div class=\"wd-negative-gap elementor-element elementor-element-e75c8f7 e-flex e-con-boxed e-con e-parent\" data-id=\"e75c8f7\" data-element_type=\"container\">\n\t\t\t\t\t<div class=\"e-con-inner\">\n\t\t\t\t<div class=\"elementor-element elementor-element-2f562b4 elementor-widget elementor-widget-image\" data-id=\"2f562b4\" data-element_type=\"widget\" data-widget_type=\"image.default\">\n\t\t\t\t<div class=\"elementor-widget-container\">\n\t\t\t\t\t\t\t\t\t\t\t\t\t\t\t<img fetchpriority=\"high\" decoding=\"async\" width=\"1024\" height=\"108\" src=\"https:\/\/wares.tech\/wp-content\/themes\/woodmart\/images\/lazy.svg\" data-src=\"https:\/\/wares.tech\/wp-content\/uploads\/2023\/11\/Belka-projekt-1024x108.png\" class=\" wd-lazy-fade attachment-large size-large wp-image-779\" alt=\"\" srcset=\"\" data-srcset=\"https:\/\/wares.tech\/wp-content\/uploads\/2023\/11\/Belka-projekt-1024x108.png 1024w, https:\/\/wares.tech\/wp-content\/uploads\/2023\/11\/Belka-projekt-150x16.png 150w, https:\/\/wares.tech\/wp-content\/uploads\/2023\/11\/Belka-projekt-600x63.png 600w, https:\/\/wares.tech\/wp-content\/uploads\/2023\/11\/Belka-projekt-300x32.png 300w, https:\/\/wares.tech\/wp-content\/uploads\/2023\/11\/Belka-projekt-768x81.png 768w, https:\/\/wares.tech\/wp-content\/uploads\/2023\/11\/Belka-projekt.png 1254w\" sizes=\"(max-width: 1024px) 100vw, 1024px\" \/>\t\t\t\t\t\t\t\t\t\t\t\t\t\t\t<\/div>\n\t\t\t\t<\/div>\n\t\t\t\t<div class=\"elementor-element elementor-element-1e80326 color-scheme-inherit text-left elementor-widget elementor-widget-text-editor\" data-id=\"1e80326\" data-element_type=\"widget\" data-widget_type=\"text-editor.default\">\n\t\t\t\t<div class=\"elementor-widget-container\">\n\t\t\t\t\t\t\t\t\t<p><b>Wares Sp. z o.o.<\/b> implements a project called <b>\u201eWares\u201d<\/b> on the basis of the Support Agreement concluded on J<b>une 10, 2019<\/b> with Tech-Impact Fund Sp. z o.o. based in Krak\u00f3w, Tech-Impact Fund Sp\u00f3\u0142ka z ograniczon\u0105 odpowiedzialno\u015bci\u0105 ASI sp k. with its registered office in Krak\u00f3w and the National Center for Research and Development based in Warsaw, co-financed by the European Union under the Intelligent Development Operational Program 2014-2020, Measure 1.3: R&amp;D works financed with capital funds, Sub-measure 1.3.1: Support for research and development projects in the preseed phase by proof of concept funds &#8211; Bridge Alfa.<\/p>\n\t\t\t\t\t\t\t\t<\/div>\n\t\t\t\t<\/div>\n\t\t\t\t<div class=\"elementor-element elementor-element-c8e1a58 color-scheme-inherit text-left elementor-widget elementor-widget-text-editor\" data-id=\"c8e1a58\" data-element_type=\"widget\" data-widget_type=\"text-editor.default\">\n\t\t\t\t<div class=\"elementor-widget-container\">\n\t\t\t\t\t\t\t\t\t<p>The aim of the project is to carry out research and development works and to develop a complete system that analyzes water consumption through remote reading of data from meters. The system will be independent of the type of water meter you have and the method of billing. The system is also to be universal and operate in any water management system around the world. From the user&#8217;s point of view, it will be similar to a bank account, which allows us to see the balance on an ongoing basis through applications and receive various types of notifications important to us. <\/p>\n\t\t\t\t\t\t\t\t<\/div>\n\t\t\t\t<\/div>\n\t\t\t\t<div class=\"elementor-element elementor-element-c5c23a7 color-scheme-inherit text-left elementor-widget elementor-widget-text-editor\" data-id=\"c5c23a7\" data-element_type=\"widget\" data-widget_type=\"text-editor.default\">\n\t\t\t\t<div class=\"elementor-widget-container\">\n\t\t\t\t\t\t\t\t\t<p>The planned result of the project is the development of the MVP of the Wares system.<\/p>\n<p><span style=\"font-size: 15px; color: var( --e-global-color-text ); background-color: var(--wd-main-bgcolor);\">Project value: PLN 1,050,000.00.<\/span><\/p>\n<p>Co-financing of the project from the EU: PLN 840,000.00.<\/p>\n\t\t\t\t\t\t\t\t<\/div>\n\t\t\t\t<\/div>\n\t\t\t\t\t<\/div>\n\t\t\t\t<\/div>\n\t\t\t\t<\/div>\n\t\t","protected":false},"excerpt":{"rendered":"<p>Wares Sp. z o.o. implements a project called \u201eWares\u201d on the basis of the Support Agreement concluded on June 10,<\/p>\n","protected":false},"author":1,"featured_media":0,"parent":0,"menu_order":0,"comment_status":"closed","ping_status":"closed","template":"","meta":{"footnotes":""},"class_list":["post-950","page","type-page","status-publish","hentry"],"_links":{"self":[{"href":"https:\/\/wares.tech\/en\/wp-json\/wp\/v2\/pages\/950","targetHints":{"allow":["GET"]}}],"collection":[{"href":"https:\/\/wares.tech\/en\/wp-json\/wp\/v2\/pages"}],"about":[{"href":"https:\/\/wares.tech\/en\/wp-json\/wp\/v2\/types\/page"}],"author":[{"embeddable":true,"href":"https:\/\/wares.tech\/en\/wp-json\/wp\/v2\/users\/1"}],"replies":[{"embeddable":true,"href":"https:\/\/wares.tech\/en\/wp-json\/wp\/v2\/comments?post=950"}],"version-history":[{"count":1,"href":"https:\/\/wares.tech\/en\/wp-json\/wp\/v2\/pages\/950\/revisions"}],"predecessor-version":[{"id":951,"href":"https:\/\/wares.tech\/en\/wp-json\/wp\/v2\/pages\/950\/revisions\/951"}],"wp:attachment":[{"href":"https:\/\/wares.tech\/en\/wp-json\/wp\/v2\/media?parent=950"}],"curies":[{"name":"wp","href":"https:\/\/api.w.org\/{rel}","templated":true}]}}